{"id":2891,"date":"2023-09-04T22:09:55","date_gmt":"2023-09-04T20:09:55","guid":{"rendered":"https:\/\/www.hcduedingen.ch\/?page_id=2891"},"modified":"2025-08-19T16:40:51","modified_gmt":"2025-08-19T14:40:51","slug":"fanclub","status":"publish","type":"page","link":"https:\/\/www.hcduedingen.ch\/fr\/fanclub\/","title":{"rendered":"Fanclub"},"content":{"rendered":"\t\t<div data-elementor-type=\"wp-page\" data-elementor-id=\"2891\" class=\"elementor elementor-2891\" data-elementor-post-type=\"page\">\n\t\t\t\t<div class=\"elementor-element elementor-element-1eb348d e-flex e-con-boxed e-con e-parent\" data-id=\"1eb348d\" data-element_type=\"container\" data-e-type=\"container\">\n\t\t\t\t\t<div class=\"e-con-inner\">\n\t\t<div class=\"elementor-element elementor-element-d0b98f8 e-con-full e-flex e-con e-child\" data-id=\"d0b98f8\" data-element_type=\"container\" data-e-type=\"container\">\n\t\t\t\t<div class=\"elementor-element elementor-element-a73ac2d elementor-widget elementor-widget-text-editor\" data-id=\"a73ac2d\" data-element_type=\"widget\" data-e-type=\"widget\" data-widget_type=\"text-editor.default\">\n\t\t\t\t<div class=\"elementor-widget-container\">\n\t\t\t\t\t\t\t\t\t<h2>Liebe Fans<\/h2>\t\t\t\t\t\t\t\t<\/div>\n\t\t\t\t<\/div>\n\t\t\t\t<div class=\"elementor-element elementor-element-03fac0e elementor-widget elementor-widget-text-editor\" data-id=\"03fac0e\" data-element_type=\"widget\" data-e-type=\"widget\" data-widget_type=\"text-editor.default\">\n\t\t\t\t<div class=\"elementor-widget-container\">\n\t\t\t\t\t\t\t\t\t<p align=\"LEFT\">Der Fan-Club HC D\u00fcdingen Bulls ist am 26. August 2000 gegr\u00fcndet worden und z\u00e4hlt heute \u00fcber 90 Mitglieder. Wir sind ein aktiver Verein. Mit dem bekannten Puck-Schiessen bei den Heimspielen und dem Hockey-Toto sorgen wir neben dem Eis f\u00fcr etwas Nervenkitzel.<\/p><p align=\"LEFT\"><strong>Mitmachen und gewinnen!<\/strong><\/p><p align=\"LEFT\">Mit weiteren Veranstaltungsertr\u00e4gen (z.B. Raclette-Plausch und Jass-Turnier) unterst\u00fctzen wir den HC D\u00fcdingen Bulls j\u00e4hrlich mit einem namhaften Betrag. Viel wichtiger ist jedoch die lautstarke und moralische Unterst\u00fctzung bei den Spielen.<\/p><p align=\"LEFT\"><strong>Wir sind Bulls-Fans und sind bei Heim- und Ausw\u00e4rtsspielen dabei.<\/strong><\/p><p align=\"LEFT\">Als Fan-Club-Mitglied verpflichtest du dich zur Begleichung des Mitgliederbeitrages von CHF 40.00 und zu anst\u00e4ndigem Benehmen an den Spielen. Mit deiner Mitgliedschaft bringst du zum Ausdruck,<\/p><p align=\"LEFT\"><strong>dass du den HC D\u00fcdingen Bulls toll findest und<\/strong><br \/><strong>dass der HC D\u00fcdingen Bulls dein Club ist.<\/strong><\/p><p align=\"LEFT\">Zudem triffst du Gleichgesinnte, wirst zu Fan-Club-Aktivit\u00e4ten eingeladen und \u00fcber Club und Hockeyneuigkeiten informiert. Wir organisieren regelm\u00e4ssig g\u00fcnstige Mitfahrgelegenheiten zu den Ausw\u00e4rtsspielen.<\/p><p align=\"LEFT\">Wir freuen uns auf dein Kommen und Mitmachen.<\/p><p align=\"LEFT\">Anmeldung direkt hier \u00fcbers Formular oder beim Infostand an den Heimspielen..<\/p>\t\t\t\t\t\t\t\t<\/div>\n\t\t\t\t<\/div>\n\t\t\t\t<\/div>\n\t\t<div class=\"elementor-element elementor-element-be99ca3 e-con-full e-flex e-con e-child\" data-id=\"be99ca3\" data-element_type=\"container\" data-e-type=\"container\">\n\t\t\t\t<div class=\"elementor-element elementor-element-6d4f51a elementor-widget elementor-widget-text-editor\" data-id=\"6d4f51a\" data-element_type=\"widget\" data-e-type=\"widget\" data-widget_type=\"text-editor.default\">\n\t\t\t\t<div class=\"elementor-widget-container\">\n\t\t\t\t\t\t\t\t\t<h2>Hockey Fan Radio<\/h2>\t\t\t\t\t\t\t\t<\/div>\n\t\t\t\t<\/div>\n\t\t\t\t<div class=\"elementor-element elementor-element-a9ad515 elementor-widget elementor-widget-image\" data-id=\"a9ad515\" data-element_type=\"widget\" data-e-type=\"widget\" data-widget_type=\"image.default\">\n\t\t\t\t<div class=\"elementor-widget-container\">\n\t\t\t\t\t\t\t\t\t\t\t\t\t\t\t<img fetchpriority=\"high\" decoding=\"async\" width=\"790\" height=\"101\" src=\"https:\/\/www.hcduedingen.ch\/wp-content\/uploads\/hockeyfanradio.png\" class=\"attachment-large size-large wp-image-2860\" alt=\"\" srcset=\"https:\/\/www.hcduedingen.ch\/wp-content\/uploads\/hockeyfanradio.png 790w, https:\/\/www.hcduedingen.ch\/wp-content\/uploads\/hockeyfanradio-600x77.png 600w, https:\/\/www.hcduedingen.ch\/wp-content\/uploads\/hockeyfanradio-300x38.png 300w, https:\/\/www.hcduedingen.ch\/wp-content\/uploads\/hockeyfanradio-768x98.png 768w\" sizes=\"(max-width: 790px) 100vw, 790px\" \/>\t\t\t\t\t\t\t\t\t\t\t\t\t\t\t<\/div>\n\t\t\t\t<\/div>\n\t\t\t\t<div class=\"elementor-element elementor-element-a5f99ee elementor-widget elementor-widget-text-editor\" data-id=\"a5f99ee\" data-element_type=\"widget\" data-e-type=\"widget\" data-widget_type=\"text-editor.default\">\n\t\t\t\t<div class=\"elementor-widget-container\">\n\t\t\t\t\t\t\t\t\t<p>Diverse Ausw\u00e4rtsspiele der HC D\u00fcdingen Bulls werden live \u00fcbertragen. Das Hockey Fanradio wird kommentiert von Tinu und Urs. Den Stream zum Radio findet ihr unter dem folgenden Link:\u00a0<a href=\"http:\/\/www.hockeyfanradio.ch\/#\/Startseite\" target=\"_blank\" rel=\"noopener nofollow\">Hockey Fanradio<\/a>\u00a0.<\/p><p>Ihr seid unterwegs und habt keinen Computer mit dabei? Kein Problem! Ihr k\u00f6nnt das Hockey Fanradio auch \u00fcber das\u00a0<a href=\"https:\/\/itunes.apple.com\/ch\/app\/swissradio\/id345280515?mt=8\" target=\"_blank\" rel=\"noopener nofollow\">iPhone\/iPad<\/a>\u00a0oder auf allen\u00a0<a href=\"https:\/\/play.google.com\/store\/apps\/details?id=com.atipik.swissradio&amp;hl=de\" target=\"_blank\" rel=\"noopener nofollow\">Android<\/a>\u00a0Ger\u00e4ten empfangen!<\/p>\t\t\t\t\t\t\t\t<\/div>\n\t\t\t\t<\/div>\n\t\t\t\t<\/div>\n\t\t\t\t\t<\/div>\n\t\t\t\t<\/div>\n\t\t<div class=\"elementor-element elementor-element-7832640 e-flex e-con-boxed e-con e-parent\" data-id=\"7832640\" data-element_type=\"container\" data-e-type=\"container\">\n\t\t\t\t\t<div class=\"e-con-inner\">\n\t\t<div class=\"elementor-element elementor-element-5dee157 e-con-full e-flex e-con e-child\" data-id=\"5dee157\" data-element_type=\"container\" data-e-type=\"container\">\n\t\t\t\t<div class=\"elementor-element elementor-element-fab705b elementor-widget elementor-widget-text-editor\" data-id=\"fab705b\" data-element_type=\"widget\" data-e-type=\"widget\" data-widget_type=\"text-editor.default\">\n\t\t\t\t<div class=\"elementor-widget-container\">\n\t\t\t\t\t\t\t\t\t<h2>Anmeldung<\/h2>\t\t\t\t\t\t\t\t<\/div>\n\t\t\t\t<\/div>\n\t\t\t\t<div class=\"elementor-element elementor-element-295ef91 elementor-button-align-stretch elementor-widget elementor-widget-form\" data-id=\"295ef91\" data-element_type=\"widget\" data-e-type=\"widget\" data-settings=\"{&quot;step_next_label&quot;:&quot;Next&quot;,&quot;step_previous_label&quot;:&quot;Previous&quot;,&quot;button_width&quot;:&quot;100&quot;,&quot;step_type&quot;:&quot;number_text&quot;,&quot;step_icon_shape&quot;:&quot;circle&quot;}\" data-widget_type=\"form.default\">\n\t\t\t\t<div class=\"elementor-widget-container\">\n\t\t\t\t\t\t\t<form class=\"elementor-form\" method=\"post\" name=\"Fanclub-Anmeldeformular\" aria-label=\"Fanclub-Anmeldeformular\">\n\t\t\t<input type=\"hidden\" name=\"post_id\" value=\"2891\"\/>\n\t\t\t<input type=\"hidden\" name=\"form_id\" value=\"295ef91\"\/>\n\t\t\t<input type=\"hidden\" name=\"referer_title\" value=\"Fanclub - HC D\u00fcdingen Bulls\" \/>\n\n\t\t\t\t\t\t\t<input type=\"hidden\" name=\"queried_id\" value=\"2891\"\/>\n\t\t\t\n\t\t\t<div class=\"elementor-form-fields-wrapper elementor-labels-\">\n\t\t\t\t\t\t\t\t<div class=\"elementor-field-type-text elementor-field-group elementor-column elementor-field-group-field_5f0bc41 elementor-col-50 elementor-field-required\">\n\t\t\t\t\t\t\t\t\t\t\t\t<label for=\"form-field-field_5f0bc41\" class=\"elementor-field-label elementor-screen-only\">\n\t\t\t\t\t\t\t\tVorname\t\t\t\t\t\t\t<\/label>\n\t\t\t\t\t\t\t\t\t\t\t\t\t\t<input size=\"1\" type=\"text\" name=\"form_fields[field_5f0bc41]\" id=\"form-field-field_5f0bc41\" class=\"elementor-field elementor-size-md  elementor-field-textual\" placeholder=\"Vorname\" required=\"required\">\n\t\t\t\t\t\t\t\t\t\t\t<\/div>\n\t\t\t\t\t\t\t\t<div class=\"elementor-field-type-text elementor-field-group elementor-column elementor-field-group-name elementor-col-50 elementor-field-required\">\n\t\t\t\t\t\t\t\t\t\t\t\t<label for=\"form-field-name\" class=\"elementor-field-label elementor-screen-only\">\n\t\t\t\t\t\t\t\tName\t\t\t\t\t\t\t<\/label>\n\t\t\t\t\t\t\t\t\t\t\t\t\t\t<input size=\"1\" type=\"text\" name=\"form_fields[name]\" id=\"form-field-name\" class=\"elementor-field elementor-size-md  elementor-field-textual\" placeholder=\"Name\" required=\"required\">\n\t\t\t\t\t\t\t\t\t\t\t<\/div>\n\t\t\t\t\t\t\t\t<div class=\"elementor-field-type-text elementor-field-group elementor-column elementor-field-group-field_53a12f5 elementor-col-100 elementor-field-required\">\n\t\t\t\t\t\t\t\t\t\t\t\t<label for=\"form-field-field_53a12f5\" class=\"elementor-field-label elementor-screen-only\">\n\t\t\t\t\t\t\t\tStrasse & Nr\t\t\t\t\t\t\t<\/label>\n\t\t\t\t\t\t\t\t\t\t\t\t\t\t<input size=\"1\" type=\"text\" name=\"form_fields[field_53a12f5]\" id=\"form-field-field_53a12f5\" class=\"elementor-field elementor-size-md  elementor-field-textual\" placeholder=\"Strasse &amp; Nr\" required=\"required\">\n\t\t\t\t\t\t\t\t\t\t\t<\/div>\n\t\t\t\t\t\t\t\t<div class=\"elementor-field-type-number elementor-field-group elementor-column elementor-field-group-field_50aa70c elementor-col-50 elementor-field-required\">\n\t\t\t\t\t\t\t\t\t\t\t\t<label for=\"form-field-field_50aa70c\" class=\"elementor-field-label elementor-screen-only\">\n\t\t\t\t\t\t\t\tPLZ\t\t\t\t\t\t\t<\/label>\n\t\t\t\t\t\t\t\t\t<input type=\"number\" name=\"form_fields[field_50aa70c]\" id=\"form-field-field_50aa70c\" class=\"elementor-field elementor-size-md  elementor-field-textual\" placeholder=\"PLZ\" required=\"required\" min=\"1000\" max=\"9999\" >\n\t\t\t\t\t\t<\/div>\n\t\t\t\t\t\t\t\t<div class=\"elementor-field-type-text elementor-field-group elementor-column elementor-field-group-field_e11229c elementor-col-50 elementor-field-required\">\n\t\t\t\t\t\t\t\t\t\t\t\t<label for=\"form-field-field_e11229c\" class=\"elementor-field-label elementor-screen-only\">\n\t\t\t\t\t\t\t\tOrt\t\t\t\t\t\t\t<\/label>\n\t\t\t\t\t\t\t\t\t\t\t\t\t\t<input size=\"1\" type=\"text\" name=\"form_fields[field_e11229c]\" id=\"form-field-field_e11229c\" class=\"elementor-field elementor-size-md  elementor-field-textual\" placeholder=\"Ort\" required=\"required\">\n\t\t\t\t\t\t\t\t\t\t\t<\/div>\n\t\t\t\t\t\t\t\t<div class=\"elementor-field-type-tel elementor-field-group elementor-column elementor-field-group-field_0ee44cf elementor-col-100 elementor-field-required\">\n\t\t\t\t\t\t\t\t\t\t\t\t<label for=\"form-field-field_0ee44cf\" class=\"elementor-field-label elementor-screen-only\">\n\t\t\t\t\t\t\t\tTelefon\t\t\t\t\t\t\t<\/label>\n\t\t\t\t\t\t\t\t<input size=\"1\" type=\"tel\" name=\"form_fields[field_0ee44cf]\" id=\"form-field-field_0ee44cf\" class=\"elementor-field elementor-size-md  elementor-field-textual\" placeholder=\"Telefon\" required=\"required\" pattern=\"[0-9()#&amp;+*-=.]+\" title=\"Only numbers and phone characters (#, -, *, etc) are accepted.\">\n\n\t\t\t\t\t\t<\/div>\n\t\t\t\t\t\t\t\t<div class=\"elementor-field-type-email elementor-field-group elementor-column elementor-field-group-email elementor-col-100 elementor-field-required\">\n\t\t\t\t\t\t\t\t\t\t\t\t<label for=\"form-field-email\" class=\"elementor-field-label elementor-screen-only\">\n\t\t\t\t\t\t\t\tE-Mail\t\t\t\t\t\t\t<\/label>\n\t\t\t\t\t\t\t\t\t\t\t\t\t\t<input size=\"1\" type=\"email\" name=\"form_fields[email]\" id=\"form-field-email\" class=\"elementor-field elementor-size-md  elementor-field-textual\" placeholder=\"E-Mail\" required=\"required\">\n\t\t\t\t\t\t\t\t\t\t\t<\/div>\n\t\t\t\t\t\t\t\t<div class=\"elementor-field-type-select elementor-field-group elementor-column elementor-field-group-field_53824c7 elementor-col-100\">\n\t\t\t\t\t\t\t\t\t\t\t\t<label for=\"form-field-field_53824c7\" class=\"elementor-field-label elementor-screen-only\">\n\t\t\t\t\t\t\t\tMitgliedschaft\t\t\t\t\t\t\t<\/label>\n\t\t\t\t\t\t\t\t<div class=\"elementor-field elementor-select-wrapper remove-before \">\n\t\t\t<div class=\"select-caret-down-wrapper\">\n\t\t\t\t<svg aria-hidden=\"true\" class=\"e-font-icon-svg e-eicon-caret-down\" viewBox=\"0 0 571.4 571.4\" xmlns=\"http:\/\/www.w3.org\/2000\/svg\"><path d=\"M571 393Q571 407 561 418L311 668Q300 679 286 679T261 668L11 418Q0 407 0 393T11 368 36 357H536Q550 357 561 368T571 393Z\"><\/path><\/svg>\t\t\t<\/div>\n\t\t\t<select name=\"form_fields[field_53824c7]\" id=\"form-field-field_53824c7\" class=\"elementor-field-textual elementor-size-md\">\n\t\t\t\t\t\t\t\t\t<option value=\"Einzel - CHF 40.00\">Einzel - CHF 40.00<\/option>\n\t\t\t\t\t\t\t\t\t<option value=\"Familie und juristische Personen - CHF 100.00\">Familie und juristische Personen - CHF 100.00<\/option>\n\t\t\t\t\t\t\t<\/select>\n\t\t<\/div>\n\t\t\t\t\t\t<\/div>\n\t\t\t\t\t\t\t\t<div class=\"elementor-field-type-acceptance elementor-field-group elementor-column elementor-field-group-field_b27b581 elementor-col-100 elementor-field-required\">\n\t\t\t\t\t\t\t\t\t\t\t\t<label for=\"form-field-field_b27b581\" class=\"elementor-field-label elementor-screen-only\">\n\t\t\t\t\t\t\t\tDatenschutz\t\t\t\t\t\t\t<\/label>\n\t\t\t\t\t\t\t\t<div class=\"elementor-field-subgroup\">\n\t\t\t<span class=\"elementor-field-option\">\n\t\t\t\t<input type=\"checkbox\" name=\"form_fields[field_b27b581]\" id=\"form-field-field_b27b581\" class=\"elementor-field elementor-size-md  elementor-acceptance-field\" required=\"required\">\n\t\t\t\t<label for=\"form-field-field_b27b581\">Ich akzeptiere dass meine pers\u00f6nlichen Daten im Rahmen von Fanclub-Aktivit\u00e4ten wie die Organisation von Fanfahrten verwendet werden.<\/label>\t\t\t<\/span>\n\t\t<\/div>\n\t\t\t\t\t\t<\/div>\n\t\t\t\t\t\t\t\t<div class=\"elementor-field-type-recaptcha_v3 elementor-field-group elementor-column elementor-field-group-field_b28fd21 elementor-col-100 recaptcha_v3-bottomright\">\n\t\t\t\t\t<div class=\"elementor-field\" id=\"form-field-field_b28fd21\"><div class=\"elementor-g-recaptcha\" data-sitekey=\"6Lc4fKsrAAAAAAT8vPi9yBLy7mWrEIjYg_5oE_9V\" data-type=\"v3\" data-action=\"Form\" data-badge=\"bottomright\" data-size=\"invisible\"><\/div><\/div>\t\t\t\t<\/div>\n\t\t\t\t\t\t\t\t<div class=\"elementor-field-group elementor-column elementor-field-type-submit elementor-col-100 e-form__buttons\">\n\t\t\t\t\t<button class=\"elementor-button elementor-size-sm\" type=\"submit\" id=\"submit-bulls\">\n\t\t\t\t\t\t<span class=\"elementor-button-content-wrapper\">\n\t\t\t\t\t\t\t\t\t\t\t\t\t\t\t\t\t\t\t\t\t\t<span class=\"elementor-button-text\">Absenden<\/span>\n\t\t\t\t\t\t\t\t\t\t\t\t\t<\/span>\n\t\t\t\t\t<\/button>\n\t\t\t\t<\/div>\n\t\t\t<\/div>\n\t\t<\/form>\n\t\t\t\t\t\t<\/div>\n\t\t\t\t<\/div>\n\t\t\t\t<\/div>\n\t\t\t\t\t<\/div>\n\t\t\t\t<\/div>\n\t\t<div class=\"elementor-element elementor-element-305a066 e-flex e-con-boxed e-con e-parent\" data-id=\"305a066\" data-element_type=\"container\" data-e-type=\"container\">\n\t\t\t\t\t<div class=\"e-con-inner\">\n\t\t\t\t\t<\/div>\n\t\t\t\t<\/div>\n\t\t\t\t<\/div>\n\t\t","protected":false},"excerpt":{"rendered":"<p>Liebe Fans Der Fan-Club HC D\u00fcdingen Bulls ist am 26. August 2000 gegr\u00fcndet worden und z\u00e4hlt heute \u00fcber 90 Mitglieder. Wir sind ein aktiver Verein. Mit dem bekannten Puck-Schiessen bei den Heimspielen und dem Hockey-Toto sorgen wir neben dem Eis f\u00fcr etwas Nervenkitzel. Mitmachen und gewinnen! Mit weiteren Veranstaltungsertr\u00e4gen (z.B. Raclette-Plausch und Jass-Turnier) unterst\u00fctzen wir [&hellip;]<\/p>\n","protected":false},"author":3,"featured_media":2900,"parent":0,"menu_order":0,"comment_status":"closed","ping_status":"closed","template":"elementor_header_footer","meta":{"_acf_changed":false,"footnotes":""},"class_list":["post-2891","page","type-page","status-publish","has-post-thumbnail","hentry"],"acf":[],"publishpress_future_action":{"enabled":false,"date":"2026-05-24 08:57:08","action":"change-status","newStatus":"draft","terms":[],"taxonomy":"","extraData":[]},"publishpress_future_workflow_manual_trigger":{"enabledWorkflows":[]},"_links":{"self":[{"href":"https:\/\/www.hcduedingen.ch\/fr\/wp-json\/wp\/v2\/pages\/2891","targetHints":{"allow":["GET"]}}],"collection":[{"href":"https:\/\/www.hcduedingen.ch\/fr\/wp-json\/wp\/v2\/pages"}],"about":[{"href":"https:\/\/www.hcduedingen.ch\/fr\/wp-json\/wp\/v2\/types\/page"}],"author":[{"embeddable":true,"href":"https:\/\/www.hcduedingen.ch\/fr\/wp-json\/wp\/v2\/users\/3"}],"replies":[{"embeddable":true,"href":"https:\/\/www.hcduedingen.ch\/fr\/wp-json\/wp\/v2\/comments?post=2891"}],"version-history":[{"count":0,"href":"https:\/\/www.hcduedingen.ch\/fr\/wp-json\/wp\/v2\/pages\/2891\/revisions"}],"wp:featuredmedia":[{"embeddable":true,"href":"https:\/\/www.hcduedingen.ch\/fr\/wp-json\/wp\/v2\/media\/2900"}],"wp:attachment":[{"href":"https:\/\/www.hcduedingen.ch\/fr\/wp-json\/wp\/v2\/media?parent=2891"}],"curies":[{"name":"wp","href":"https:\/\/api.w.org\/{rel}","templated":true}]}}